{"id":381,"date":"2019-03-18T17:03:30","date_gmt":"2019-03-18T17:03:30","guid":{"rendered":"http:\/\/zugvoegel2014.de\/?page_id=381"},"modified":"2023-07-10T10:55:45","modified_gmt":"2023-07-10T10:55:45","slug":"organisation","status":"publish","type":"page","link":"http:\/\/zugvoegel2014.de\/?page_id=381","title":{"rendered":"Organisation"},"content":{"rendered":"\t\t<div data-elementor-type=\"wp-post\" data-elementor-id=\"381\" class=\"elementor elementor-381\">\n\t\t\t\t\t\t<div class=\"elementor-inner\">\n\t\t\t\t<div class=\"elementor-section-wrap\">\n\t\t\t\t\t\t\t\t\t<section class=\"elementor-section elementor-top-section elementor-element elementor-element-9fa450d elementor-section-boxed elementor-section-height-default elementor-section-height-default\" data-id=\"9fa450d\" data-element_type=\"section\">\n\t\t\t\t\t\t<div class=\"elementor-container elementor-column-gap-default\">\n\t\t\t\t\t\t\t<div class=\"elementor-row\">\n\t\t\t\t\t<div class=\"elementor-column elementor-col-100 elementor-top-column elementor-element elementor-element-ddea90c\" data-id=\"ddea90c\" data-element_type=\"column\">\n\t\t\t<div class=\"elementor-column-wrap elementor-element-populated\">\n\t\t\t\t\t\t\t<div class=\"elementor-widget-wrap\">\n\t\t\t\t\t\t<div class=\"elementor-element elementor-element-dc91edd elementor-widget elementor-widget-heading\" data-id=\"dc91edd\" data-element_type=\"widget\" data-widget_type=\"heading.default\">\n\t\t\t\t<div class=\"elementor-widget-container\">\n\t\t\t<h2 class=\"elementor-heading-title elementor-size-large\">Der Vorstand<\/h2>\t\t<\/div>\n\t\t\t\t<\/div>\n\t\t\t\t<div class=\"elementor-element elementor-element-64cac24 elementor-widget elementor-widget-image-gallery\" data-id=\"64cac24\" data-element_type=\"widget\" data-widget_type=\"image-gallery.default\">\n\t\t\t\t<div class=\"elementor-widget-container\">\n\t\t\t\t\t<div class=\"elementor-image-gallery\">\n\t\t\t<div id='gallery-1' class='gallery galleryid-381 gallery-columns-3 gallery-size-medium'><figure class='gallery-item'>\n\t\t\t<div class='gallery-icon portrait'>\n\t\t\t\t<a data-elementor-open-lightbox=\"yes\" data-elementor-lightbox-slideshow=\"64cac24\" data-elementor-lightbox-title=\"IMG_8641\" data-e-action-hash=\"#elementor-action%3Aaction%3Dlightbox%26settings%3DeyJpZCI6NzEyLCJ1cmwiOiJodHRwOlwvXC96dWd2b2VnZWwyMDE0LmRlXC93cC1jb250ZW50XC91cGxvYWRzXC8yMDIwXC8xMlwvSU1HXzg2NDEuanBnIiwic2xpZGVzaG93IjoiNjRjYWMyNCJ9\" href='http:\/\/zugvoegel2014.de\/wp-content\/uploads\/2020\/12\/IMG_8641.jpg'><img loading=\"lazy\" decoding=\"async\" width=\"225\" height=\"300\" src=\"http:\/\/zugvoegel2014.de\/wp-content\/uploads\/2020\/12\/IMG_8641-225x300.jpg\" class=\"attachment-medium size-medium\" alt=\"\" aria-describedby=\"gallery-1-712\" srcset=\"http:\/\/zugvoegel2014.de\/wp-content\/uploads\/2020\/12\/IMG_8641-225x300.jpg 225w, http:\/\/zugvoegel2014.de\/wp-content\/uploads\/2020\/12\/IMG_8641-768x1024.jpg 768w\" sizes=\"auto, (max-width: 225px) 100vw, 225px\" \/><\/a>\n\t\t\t<\/div>\n\t\t\t\t<figcaption class='wp-caption-text gallery-caption' id='gallery-1-712'>\n\t\t\t\tJens Sonnenschein\n\t\t\t\t<\/figcaption><\/figure><figure class='gallery-item'>\n\t\t\t<div class='gallery-icon portrait'>\n\t\t\t\t<a data-elementor-open-lightbox=\"yes\" data-elementor-lightbox-slideshow=\"64cac24\" data-elementor-lightbox-title=\"IMG_1606\" data-e-action-hash=\"#elementor-action%3Aaction%3Dlightbox%26settings%3DeyJpZCI6OTM1LCJ1cmwiOiJodHRwOlwvXC96dWd2b2VnZWwyMDE0LmRlXC93cC1jb250ZW50XC91cGxvYWRzXC8yMDIzXC8wN1wvSU1HXzE2MDYuanBnIiwic2xpZGVzaG93IjoiNjRjYWMyNCJ9\" href='http:\/\/zugvoegel2014.de\/wp-content\/uploads\/2023\/07\/IMG_1606.jpg'><img loading=\"lazy\" decoding=\"async\" width=\"217\" height=\"300\" src=\"http:\/\/zugvoegel2014.de\/wp-content\/uploads\/2023\/07\/IMG_1606-217x300.jpg\" class=\"attachment-medium size-medium\" alt=\"\" aria-describedby=\"gallery-1-935\" srcset=\"http:\/\/zugvoegel2014.de\/wp-content\/uploads\/2023\/07\/IMG_1606-217x300.jpg 217w, http:\/\/zugvoegel2014.de\/wp-content\/uploads\/2023\/07\/IMG_1606-740x1024.jpg 740w, http:\/\/zugvoegel2014.de\/wp-content\/uploads\/2023\/07\/IMG_1606-768x1062.jpg 768w, http:\/\/zugvoegel2014.de\/wp-content\/uploads\/2023\/07\/IMG_1606-1110x1536.jpg 1110w, http:\/\/zugvoegel2014.de\/wp-content\/uploads\/2023\/07\/IMG_1606-1481x2048.jpg 1481w, http:\/\/zugvoegel2014.de\/wp-content\/uploads\/2023\/07\/IMG_1606.jpg 1542w\" sizes=\"auto, (max-width: 217px) 100vw, 217px\" \/><\/a>\n\t\t\t<\/div>\n\t\t\t\t<figcaption class='wp-caption-text gallery-caption' id='gallery-1-935'>\n\t\t\t\tStefan D\u00f6\u00dfereck\n\t\t\t\t<\/figcaption><\/figure><figure class='gallery-item'>\n\t\t\t<div class='gallery-icon portrait'>\n\t\t\t\t<a data-elementor-open-lightbox=\"yes\" data-elementor-lightbox-slideshow=\"64cac24\" data-elementor-lightbox-title=\"Peter2\" data-e-action-hash=\"#elementor-action%3Aaction%3Dlightbox%26settings%3DeyJpZCI6NzEzLCJ1cmwiOiJodHRwOlwvXC96dWd2b2VnZWwyMDE0LmRlXC93cC1jb250ZW50XC91cGxvYWRzXC8yMDIwXC8xMlwvUGV0ZXIyLmpwZyIsInNsaWRlc2hvdyI6IjY0Y2FjMjQifQ%3D%3D\" href='http:\/\/zugvoegel2014.de\/wp-content\/uploads\/2020\/12\/Peter2.jpg'><img loading=\"lazy\" decoding=\"async\" width=\"225\" height=\"300\" src=\"http:\/\/zugvoegel2014.de\/wp-content\/uploads\/2020\/12\/Peter2-225x300.jpg\" class=\"attachment-medium size-medium\" alt=\"\" aria-describedby=\"gallery-1-713\" srcset=\"http:\/\/zugvoegel2014.de\/wp-content\/uploads\/2020\/12\/Peter2-225x300.jpg 225w, http:\/\/zugvoegel2014.de\/wp-content\/uploads\/2020\/12\/Peter2-768x1026.jpg 768w, http:\/\/zugvoegel2014.de\/wp-content\/uploads\/2020\/12\/Peter2-767x1024.jpg 767w, http:\/\/zugvoegel2014.de\/wp-content\/uploads\/2020\/12\/Peter2.jpg 1418w\" sizes=\"auto, (max-width: 225px) 100vw, 225px\" \/><\/a>\n\t\t\t<\/div>\n\t\t\t\t<figcaption class='wp-caption-text gallery-caption' id='gallery-1-713'>\n\t\t\t\tPeter Breuer\n\t\t\t\t<\/figcaption><\/figure>\n\t\t<\/div>\n\t\t<\/div>\n\t\t\t\t<\/div>\n\t\t\t\t<\/div>\n\t\t\t\t\t\t<\/div>\n\t\t\t\t\t<\/div>\n\t\t<\/div>\n\t\t\t\t\t\t\t\t<\/div>\n\t\t\t\t\t<\/div>\n\t\t<\/section>\n\t\t\t\t<section class=\"elementor-section elementor-top-section elementor-element elementor-element-d0dc5d5 elementor-section-boxed elementor-section-height-default elementor-section-height-default\" data-id=\"d0dc5d5\" data-element_type=\"section\">\n\t\t\t\t\t\t<div class=\"elementor-container elementor-column-gap-default\">\n\t\t\t\t\t\t\t<div class=\"elementor-row\">\n\t\t\t\t\t<div class=\"elementor-column elementor-col-100 elementor-top-column elementor-element elementor-element-1a24708\" data-id=\"1a24708\" data-element_type=\"column\">\n\t\t\t<div class=\"elementor-column-wrap elementor-element-populated\">\n\t\t\t\t\t\t\t<div class=\"elementor-widget-wrap\">\n\t\t\t\t\t\t<div class=\"elementor-element elementor-element-1b1e622 elementor-widget elementor-widget-heading\" data-id=\"1b1e622\" data-element_type=\"widget\" data-widget_type=\"heading.default\">\n\t\t\t\t<div class=\"elementor-widget-container\">\n\t\t\t<h2 class=\"elementor-heading-title elementor-size-large\">Kassenpr\u00fcfer<\/h2>\t\t<\/div>\n\t\t\t\t<\/div>\n\t\t\t\t\t\t<\/div>\n\t\t\t\t\t<\/div>\n\t\t<\/div>\n\t\t\t\t\t\t\t\t<\/div>\n\t\t\t\t\t<\/div>\n\t\t<\/section>\n\t\t\t\t<section class=\"elementor-section elementor-top-section elementor-element elementor-element-b78bd08 elementor-section-boxed elementor-section-height-default elementor-section-height-default\" data-id=\"b78bd08\" data-element_type=\"section\">\n\t\t\t\t\t\t<div class=\"elementor-container elementor-column-gap-default\">\n\t\t\t\t\t\t\t<div class=\"elementor-row\">\n\t\t\t\t\t<div class=\"elementor-column elementor-col-100 elementor-top-column elementor-element elementor-element-c9daa40\" data-id=\"c9daa40\" data-element_type=\"column\">\n\t\t\t<div class=\"elementor-column-wrap elementor-element-populated\">\n\t\t\t\t\t\t\t<div class=\"elementor-widget-wrap\">\n\t\t\t\t\t\t<div class=\"elementor-element elementor-element-594071d elementor-widget elementor-widget-text-editor\" data-id=\"594071d\" data-element_type=\"widget\" data-widget_type=\"text-editor.default\">\n\t\t\t\t<div class=\"elementor-widget-container\">\n\t\t\t\t\t\t\t\t<div class=\"elementor-text-editor elementor-clearfix\">\n\t\t\t\t<h1 style=\"text-align: center;\"><strong><span style=\"color: #ff0000;\">Karl Marquedant<\/span><\/strong><\/h1><h1 style=\"text-align: center;\"><strong><span style=\"color: #ff0000;\">Sebastian Krolczik<\/span><\/strong><\/h1>\t\t\t\t\t<\/div>\n\t\t\t\t\t\t<\/div>\n\t\t\t\t<\/div>\n\t\t\t\t\t\t<\/div>\n\t\t\t\t\t<\/div>\n\t\t<\/div>\n\t\t\t\t\t\t\t\t<\/div>\n\t\t\t\t\t<\/div>\n\t\t<\/section>\n\t\t\t\t\t\t\t\t\t<\/div>\n\t\t\t<\/div>\n\t\t\t\t\t<\/div>\n\t\t","protected":false},"excerpt":{"rendered":"<p>Der Vorstand Jens Sonnenschein Stefan D\u00f6\u00dfereck Peter Breuer Kassenpr\u00fcfer Karl Marquedant Sebastian Krolczik<\/p>\n","protected":false},"author":1,"featured_media":0,"parent":0,"menu_order":0,"comment_status":"closed","ping_status":"closed","template":"","meta":{"_monsterinsights_skip_tracking":false,"_monsterinsights_sitenote_active":false,"_monsterinsights_sitenote_note":"","_monsterinsights_sitenote_category":0,"footnotes":""},"class_list":["post-381","page","type-page","status-publish","hentry","entry"],"yoast_head":"<!-- This site is optimized with the Yoast SEO plugin v20.2 - https:\/\/yoast.com\/wordpress\/plugins\/seo\/ -->\n<title>Organisation -<\/title>\n<meta name=\"robots\" content=\"index, follow, max-snippet:-1, max-image-preview:large, max-video-preview:-1\" \/>\n<link rel=\"canonical\" href=\"http:\/\/zugvoegel2014.de\/?page_id=381\" \/>\n<meta property=\"og:locale\" content=\"de_DE\" \/>\n<meta property=\"og:type\" content=\"article\" \/>\n<meta property=\"og:title\" content=\"Organisation -\" \/>\n<meta property=\"og:description\" content=\"Der Vorstand Jens Sonnenschein Stefan D\u00f6\u00dfereck Peter Breuer Kassenpr\u00fcfer Karl Marquedant Sebastian Krolczik\" \/>\n<meta property=\"og:url\" content=\"http:\/\/zugvoegel2014.de\/?page_id=381\" \/>\n<meta property=\"article:publisher\" content=\"https:\/\/www.facebook.com\/KoenigsdorferKarnevalszug\/?__tn__=%2cd%2cP-R&amp;amp%3bamp%3bamp%3bamp%3bamp%3bamp%3bamp%3bamp%3bamp%3bamp%3bamp%3bamp%3beid=ARA6SSHkUMgYkse4ztm8lMBG1G70wK_8I7YBmKhqtHlswkYPXKzoz7mjvc05MjUUpbuoIgnIDpCCreZk\" \/>\n<meta property=\"article:modified_time\" content=\"2023-07-10T10:55:45+00:00\" \/>\n<meta property=\"og:image\" content=\"http:\/\/zugvoegel2014.de\/wp-content\/uploads\/2020\/12\/IMG_8641-225x300.jpg\" \/>\n<meta name=\"twitter:card\" content=\"summary_large_image\" \/>\n<meta name=\"twitter:label1\" content=\"Gesch\u00e4tzte Lesezeit\" \/>\n\t<meta name=\"twitter:data1\" content=\"1\u00a0Minute\" \/>\n<script type=\"application\/ld+json\" class=\"yoast-schema-graph\">{\"@context\":\"https:\/\/schema.org\",\"@graph\":[{\"@type\":\"WebPage\",\"@id\":\"http:\/\/zugvoegel2014.de\/?page_id=381\",\"url\":\"http:\/\/zugvoegel2014.de\/?page_id=381\",\"name\":\"Organisation -\",\"isPartOf\":{\"@id\":\"http:\/\/zugvoegel2014.de\/#website\"},\"datePublished\":\"2019-03-18T17:03:30+00:00\",\"dateModified\":\"2023-07-10T10:55:45+00:00\",\"breadcrumb\":{\"@id\":\"http:\/\/zugvoegel2014.de\/?page_id=381#breadcrumb\"},\"inLanguage\":\"de\",\"potentialAction\":[{\"@type\":\"ReadAction\",\"target\":[\"http:\/\/zugvoegel2014.de\/?page_id=381\"]}]},{\"@type\":\"BreadcrumbList\",\"@id\":\"http:\/\/zugvoegel2014.de\/?page_id=381#breadcrumb\",\"itemListElement\":[{\"@type\":\"ListItem\",\"position\":1,\"name\":\"Startseite\",\"item\":\"http:\/\/zugvoegel2014.de\/\"},{\"@type\":\"ListItem\",\"position\":2,\"name\":\"Organisation\"}]},{\"@type\":\"WebSite\",\"@id\":\"http:\/\/zugvoegel2014.de\/#website\",\"url\":\"http:\/\/zugvoegel2014.de\/\",\"name\":\"\",\"description\":\"\",\"publisher\":{\"@id\":\"http:\/\/zugvoegel2014.de\/#organization\"},\"potentialAction\":[{\"@type\":\"SearchAction\",\"target\":{\"@type\":\"EntryPoint\",\"urlTemplate\":\"http:\/\/zugvoegel2014.de\/?s={search_term_string}\"},\"query-input\":\"required name=search_term_string\"}],\"inLanguage\":\"de\"},{\"@type\":\"Organization\",\"@id\":\"http:\/\/zugvoegel2014.de\/#organization\",\"name\":\"K\u00f6nigsdorfer Zugv\u00f6gel von 2014 e.V.\",\"url\":\"http:\/\/zugvoegel2014.de\/\",\"logo\":{\"@type\":\"ImageObject\",\"inLanguage\":\"de\",\"@id\":\"http:\/\/zugvoegel2014.de\/#\/schema\/logo\/image\/\",\"url\":\"http:\/\/zugvoegel2014.de\/wp-content\/uploads\/2019\/01\/Zugv\u00f6gel-mittel.jpg\",\"contentUrl\":\"http:\/\/zugvoegel2014.de\/wp-content\/uploads\/2019\/01\/Zugv\u00f6gel-mittel.jpg\",\"width\":480,\"height\":562,\"caption\":\"K\u00f6nigsdorfer Zugv\u00f6gel von 2014 e.V.\"},\"image\":{\"@id\":\"http:\/\/zugvoegel2014.de\/#\/schema\/logo\/image\/\"},\"sameAs\":[\"https:\/\/www.facebook.com\/KoenigsdorferKarnevalszug\/?__tn__=,d,P-R&amp;amp;amp;amp;amp;amp;amp;amp;amp;amp;amp;amp;eid=ARA6SSHkUMgYkse4ztm8lMBG1G70wK_8I7YBmKhqtHlswkYPXKzoz7mjvc05MjUUpbuoIgnIDpCCreZk\"]}]}<\/script>\n<!-- \/ Yoast SEO plugin. -->","yoast_head_json":{"title":"Organisation -","robots":{"index":"index","follow":"follow","max-snippet":"max-snippet:-1","max-image-preview":"max-image-preview:large","max-video-preview":"max-video-preview:-1"},"canonical":"http:\/\/zugvoegel2014.de\/?page_id=381","og_locale":"de_DE","og_type":"article","og_title":"Organisation -","og_description":"Der Vorstand Jens Sonnenschein Stefan D\u00f6\u00dfereck Peter Breuer Kassenpr\u00fcfer Karl Marquedant Sebastian Krolczik","og_url":"http:\/\/zugvoegel2014.de\/?page_id=381","article_publisher":"https:\/\/www.facebook.com\/KoenigsdorferKarnevalszug\/?__tn__=%2cd%2cP-R&amp%3bamp%3bamp%3bamp%3bamp%3bamp%3bamp%3bamp%3bamp%3bamp%3bamp%3bamp%3beid=ARA6SSHkUMgYkse4ztm8lMBG1G70wK_8I7YBmKhqtHlswkYPXKzoz7mjvc05MjUUpbuoIgnIDpCCreZk","article_modified_time":"2023-07-10T10:55:45+00:00","og_image":[{"url":"http:\/\/zugvoegel2014.de\/wp-content\/uploads\/2020\/12\/IMG_8641-225x300.jpg"}],"twitter_card":"summary_large_image","twitter_misc":{"Gesch\u00e4tzte Lesezeit":"1\u00a0Minute"},"schema":{"@context":"https:\/\/schema.org","@graph":[{"@type":"WebPage","@id":"http:\/\/zugvoegel2014.de\/?page_id=381","url":"http:\/\/zugvoegel2014.de\/?page_id=381","name":"Organisation -","isPartOf":{"@id":"http:\/\/zugvoegel2014.de\/#website"},"datePublished":"2019-03-18T17:03:30+00:00","dateModified":"2023-07-10T10:55:45+00:00","breadcrumb":{"@id":"http:\/\/zugvoegel2014.de\/?page_id=381#breadcrumb"},"inLanguage":"de","potentialAction":[{"@type":"ReadAction","target":["http:\/\/zugvoegel2014.de\/?page_id=381"]}]},{"@type":"BreadcrumbList","@id":"http:\/\/zugvoegel2014.de\/?page_id=381#breadcrumb","itemListElement":[{"@type":"ListItem","position":1,"name":"Startseite","item":"http:\/\/zugvoegel2014.de\/"},{"@type":"ListItem","position":2,"name":"Organisation"}]},{"@type":"WebSite","@id":"http:\/\/zugvoegel2014.de\/#website","url":"http:\/\/zugvoegel2014.de\/","name":"","description":"","publisher":{"@id":"http:\/\/zugvoegel2014.de\/#organization"},"potentialAction":[{"@type":"SearchAction","target":{"@type":"EntryPoint","urlTemplate":"http:\/\/zugvoegel2014.de\/?s={search_term_string}"},"query-input":"required name=search_term_string"}],"inLanguage":"de"},{"@type":"Organization","@id":"http:\/\/zugvoegel2014.de\/#organization","name":"K\u00f6nigsdorfer Zugv\u00f6gel von 2014 e.V.","url":"http:\/\/zugvoegel2014.de\/","logo":{"@type":"ImageObject","inLanguage":"de","@id":"http:\/\/zugvoegel2014.de\/#\/schema\/logo\/image\/","url":"http:\/\/zugvoegel2014.de\/wp-content\/uploads\/2019\/01\/Zugv\u00f6gel-mittel.jpg","contentUrl":"http:\/\/zugvoegel2014.de\/wp-content\/uploads\/2019\/01\/Zugv\u00f6gel-mittel.jpg","width":480,"height":562,"caption":"K\u00f6nigsdorfer Zugv\u00f6gel von 2014 e.V."},"image":{"@id":"http:\/\/zugvoegel2014.de\/#\/schema\/logo\/image\/"},"sameAs":["https:\/\/www.facebook.com\/KoenigsdorferKarnevalszug\/?__tn__=,d,P-R&amp;amp;amp;amp;amp;amp;amp;amp;amp;amp;amp;amp;eid=ARA6SSHkUMgYkse4ztm8lMBG1G70wK_8I7YBmKhqtHlswkYPXKzoz7mjvc05MjUUpbuoIgnIDpCCreZk"]}]}},"_links":{"self":[{"href":"http:\/\/zugvoegel2014.de\/index.php?rest_route=\/wp\/v2\/pages\/381","targetHints":{"allow":["GET"]}}],"collection":[{"href":"http:\/\/zugvoegel2014.de\/index.php?rest_route=\/wp\/v2\/pages"}],"about":[{"href":"http:\/\/zugvoegel2014.de\/index.php?rest_route=\/wp\/v2\/types\/page"}],"author":[{"embeddable":true,"href":"http:\/\/zugvoegel2014.de\/index.php?rest_route=\/wp\/v2\/users\/1"}],"replies":[{"embeddable":true,"href":"http:\/\/zugvoegel2014.de\/index.php?rest_route=%2Fwp%2Fv2%2Fcomments&post=381"}],"version-history":[{"count":30,"href":"http:\/\/zugvoegel2014.de\/index.php?rest_route=\/wp\/v2\/pages\/381\/revisions"}],"predecessor-version":[{"id":938,"href":"http:\/\/zugvoegel2014.de\/index.php?rest_route=\/wp\/v2\/pages\/381\/revisions\/938"}],"wp:attachment":[{"href":"http:\/\/zugvoegel2014.de\/index.php?rest_route=%2Fwp%2Fv2%2Fmedia&parent=381"}],"curies":[{"name":"wp","href":"https:\/\/api.w.org\/{rel}","templated":true}]}}