{"id":427,"date":"2019-03-15T12:43:34","date_gmt":"2019-03-15T12:43:34","guid":{"rendered":"http:\/\/zugvoegel2014.de\/?page_id=427"},"modified":"2025-11-17T12:56:51","modified_gmt":"2025-11-17T12:56:51","slug":"unsere-orden","status":"publish","type":"page","link":"http:\/\/zugvoegel2014.de\/?page_id=427","title":{"rendered":"Unsere Orden"},"content":{"rendered":"\t\t<div data-elementor-type=\"wp-post\" data-elementor-id=\"427\" class=\"elementor elementor-427\">\n\t\t\t\t\t\t<div class=\"elementor-inner\">\n\t\t\t\t<div class=\"elementor-section-wrap\">\n\t\t\t\t\t\t\t\t\t<section class=\"elementor-section elementor-top-section elementor-element elementor-element-d7bda6d elementor-section-boxed elementor-section-height-default elementor-section-height-default\" data-id=\"d7bda6d\" data-element_type=\"section\">\n\t\t\t\t\t\t<div class=\"elementor-container elementor-column-gap-default\">\n\t\t\t\t\t\t\t<div class=\"elementor-row\">\n\t\t\t\t\t<div class=\"elementor-column elementor-col-100 elementor-top-column elementor-element elementor-element-374cedd\" data-id=\"374cedd\" data-element_type=\"column\">\n\t\t\t<div class=\"elementor-column-wrap elementor-element-populated\">\n\t\t\t\t\t\t\t<div class=\"elementor-widget-wrap\">\n\t\t\t\t\t\t<div class=\"elementor-element elementor-element-d2bf347 elementor-arrows-position-inside elementor-pagination-position-outside elementor-widget elementor-widget-image-carousel\" data-id=\"d2bf347\" data-element_type=\"widget\" data-settings=\"{&quot;slides_to_show&quot;:&quot;1&quot;,&quot;navigation&quot;:&quot;both&quot;,&quot;autoplay&quot;:&quot;yes&quot;,&quot;pause_on_hover&quot;:&quot;yes&quot;,&quot;pause_on_interaction&quot;:&quot;yes&quot;,&quot;autoplay_speed&quot;:5000,&quot;infinite&quot;:&quot;yes&quot;,&quot;effect&quot;:&quot;slide&quot;,&quot;speed&quot;:500}\" data-widget_type=\"image-carousel.default\">\n\t\t\t\t<div class=\"elementor-widget-container\">\n\t\t\t\t\t<div class=\"elementor-image-carousel-wrapper swiper-container\" dir=\"ltr\">\n\t\t\t<div class=\"elementor-image-carousel swiper-wrapper\">\n\t\t\t\t\t\t\t\t<div class=\"swiper-slide\"><figure class=\"swiper-slide-inner\"><img decoding=\"async\" class=\"swiper-slide-image\" src=\"http:\/\/zugvoegel2014.de\/wp-content\/uploads\/elementor\/thumbs\/Ehrenorden-o4v2q8ib1cvu823s6t7gqe0yfmx2doxbt531k0uop4.jpg\" alt=\"Ehrenorden\" \/><figcaption class=\"elementor-image-carousel-caption\">Ehrenorden<\/figcaption><\/figure><\/div><div class=\"swiper-slide\"><figure class=\"swiper-slide-inner\"><img decoding=\"async\" class=\"swiper-slide-image\" src=\"http:\/\/zugvoegel2014.de\/wp-content\/uploads\/elementor\/thumbs\/Orden-1-o4v2qadzf0yeva11vu0pvdjvmenst34shee0ikrwco.jpg\" alt=\"Ehrenorden\" \/><figcaption class=\"elementor-image-carousel-caption\">Ehrenorden<\/figcaption><\/figure><\/div><div class=\"swiper-slide\"><figure class=\"swiper-slide-inner\"><img decoding=\"async\" class=\"swiper-slide-image\" src=\"http:\/\/zugvoegel2014.de\/wp-content\/uploads\/elementor\/thumbs\/Orden-2016-o4v2qc9nsp0zihybkutz0d2st6ej8hc95nozh4p408.jpg\" alt=\"2016\" \/><figcaption class=\"elementor-image-carousel-caption\">2016<\/figcaption><\/figure><\/div><div class=\"swiper-slide\"><figure class=\"swiper-slide-inner\"><img decoding=\"async\" class=\"swiper-slide-image\" src=\"http:\/\/zugvoegel2014.de\/wp-content\/uploads\/elementor\/thumbs\/Orden-2017-o4v2qf36d74uhbu84e1upud6lc0mvkng61nfwykxhk.jpg\" alt=\"2017\" \/><figcaption class=\"elementor-image-carousel-caption\">2017<\/figcaption><\/figure><\/div><div class=\"swiper-slide\"><figure class=\"swiper-slide-inner\"><img decoding=\"async\" class=\"swiper-slide-image\" src=\"http:\/\/zugvoegel2014.de\/wp-content\/uploads\/elementor\/thumbs\/Orden-2018-o4v2qgyuqv7f4jrhtev3utw3s3rdayuwuayevii554.jpg\" alt=\"2018\" \/><figcaption class=\"elementor-image-carousel-caption\">2018<\/figcaption><\/figure><\/div><div class=\"swiper-slide\"><figure class=\"swiper-slide-inner\"><img decoding=\"async\" class=\"swiper-slide-image\" src=\"http:\/\/zugvoegel2014.de\/wp-content\/uploads\/elementor\/thumbs\/Orden-2019-o4v2qkq7i7ckezm17ghm4sxy5n8u5r9u6tkcsmckg8.jpg\" alt=\"2019\" \/><figcaption class=\"elementor-image-carousel-caption\">2019<\/figcaption><\/figure><\/div><div class=\"swiper-slide\"><figure class=\"swiper-slide-inner\"><img decoding=\"async\" class=\"swiper-slide-image\" src=\"http:\/\/zugvoegel2014.de\/wp-content\/uploads\/elementor\/thumbs\/Orden-2020-ole8p60cnq96pl2yy2tym7fsct839u4sul2vz4v1c8.jpeg\" alt=\"2020\" \/><figcaption class=\"elementor-image-carousel-caption\">2020<\/figcaption><\/figure><\/div><div class=\"swiper-slide\"><figure class=\"swiper-slide-inner\"><img decoding=\"async\" class=\"swiper-slide-image\" src=\"http:\/\/zugvoegel2014.de\/wp-content\/uploads\/elementor\/thumbs\/IMG_8526-oy94xw5vkzjuxkdiz5l57tida5r79d2muw8naya6bs.jpg\" alt=\"2021\" \/><figcaption class=\"elementor-image-carousel-caption\">2021<\/figcaption><\/figure><\/div><div class=\"swiper-slide\"><figure class=\"swiper-slide-inner\"><img decoding=\"async\" class=\"swiper-slide-image\" src=\"http:\/\/zugvoegel2014.de\/wp-content\/uploads\/elementor\/thumbs\/IMG_9553-scaled-e1646253251544-plagjrtsn2apzyoew6iclb4pyc3hre16ea4692tll4.jpg\" alt=\"2022\" \/><figcaption class=\"elementor-image-carousel-caption\">2022<\/figcaption><\/figure><\/div><div class=\"swiper-slide\"><figure class=\"swiper-slide-inner\"><img decoding=\"async\" class=\"swiper-slide-image\" src=\"http:\/\/zugvoegel2014.de\/wp-content\/uploads\/elementor\/thumbs\/Orden-2023-q04b1hqqtqb5wp490y091ekic60zx4zd3ngriamf7s.png\" alt=\"2023\" \/><figcaption class=\"elementor-image-carousel-caption\">2023<\/figcaption><\/figure><\/div><div class=\"swiper-slide\"><figure class=\"swiper-slide-inner\"><img decoding=\"async\" class=\"swiper-slide-image\" src=\"http:\/\/zugvoegel2014.de\/wp-content\/uploads\/elementor\/thumbs\/Orden-2024-2-qf92wst1x2guk328fmrs2dfcu1ao11gaidf2ymw9zc.jpg\" alt=\"2024\" \/><figcaption class=\"elementor-image-carousel-caption\">2024<\/figcaption><\/figure><\/div><div class=\"swiper-slide\"><figure class=\"swiper-slide-inner\"><img decoding=\"async\" class=\"swiper-slide-image\" src=\"http:\/\/zugvoegel2014.de\/wp-content\/uploads\/elementor\/thumbs\/IMG_3730-qzt4z7wrr1swhzurv47ra6u8roeiap7qhzsu36dwnc.jpg\" alt=\"2025\" \/><figcaption class=\"elementor-image-carousel-caption\">2025<\/figcaption><\/figure><\/div><div class=\"swiper-slide\"><figure class=\"swiper-slide-inner\"><img decoding=\"async\" class=\"swiper-slide-image\" src=\"http:\/\/zugvoegel2014.de\/wp-content\/uploads\/elementor\/thumbs\/IMG_4943-reu8j2bcdl50lozsjrsje794fm68i92gbrhu0hhrwo.png\" alt=\"2026\" \/><figcaption class=\"elementor-image-carousel-caption\">2026<\/figcaption><\/figure><\/div>\t\t\t<\/div>\n\t\t\t\t\t\t\t\t\t\t\t\t<div class=\"swiper-pagination\"><\/div>\n\t\t\t\t\t\t\t\t\t\t\t\t\t<div class=\"elementor-swiper-button elementor-swiper-button-prev\">\n\t\t\t\t\t\t<i aria-hidden=\"true\" class=\"eicon-chevron-left\"><\/i>\t\t\t\t\t\t<span class=\"elementor-screen-only\">Zur\u00fcck<\/span>\n\t\t\t\t\t<\/div>\n\t\t\t\t\t<div class=\"elementor-swiper-button elementor-swiper-button-next\">\n\t\t\t\t\t\t<i aria-hidden=\"true\" class=\"eicon-chevron-right\"><\/i>\t\t\t\t\t\t<span class=\"elementor-screen-only\">Weiter<\/span>\n\t\t\t\t\t<\/div>\n\t\t\t\t\t\t\t\t\t<\/div>\n\t\t\t\t<\/div>\n\t\t\t\t<\/div>\n\t\t\t\t\t\t<\/div>\n\t\t\t\t\t<\/div>\n\t\t<\/div>\n\t\t\t\t\t\t\t\t<\/div>\n\t\t\t\t\t<\/div>\n\t\t<\/section>\n\t\t\t\t\t\t\t\t\t<\/div>\n\t\t\t<\/div>\n\t\t\t\t\t<\/div>\n\t\t","protected":false},"excerpt":{"rendered":"<p>Ehrenorden Ehrenorden 2016 2017 2018 2019 2020 2021 2022 2023 2024 2025 2026 Zur\u00fcck Weiter<\/p>\n","protected":false},"author":1,"featured_media":0,"parent":0,"menu_order":0,"comment_status":"closed","ping_status":"closed","template":"","meta":{"_monsterinsights_skip_tracking":false,"_monsterinsights_sitenote_active":false,"_monsterinsights_sitenote_note":"","_monsterinsights_sitenote_category":0,"footnotes":""},"class_list":["post-427","page","type-page","status-publish","hentry","entry"],"yoast_head":"<!-- This site is optimized with the Yoast SEO plugin v20.2 - https:\/\/yoast.com\/wordpress\/plugins\/seo\/ -->\n<title>Unsere Orden -<\/title>\n<meta name=\"robots\" content=\"index, follow, max-snippet:-1, max-image-preview:large, max-video-preview:-1\" \/>\n<link rel=\"canonical\" href=\"http:\/\/zugvoegel2014.de\/?page_id=427\" \/>\n<meta property=\"og:locale\" content=\"de_DE\" \/>\n<meta property=\"og:type\" content=\"article\" \/>\n<meta property=\"og:title\" content=\"Unsere Orden -\" \/>\n<meta property=\"og:description\" content=\"Ehrenorden Ehrenorden 2016 2017 2018 2019 2020 2021 2022 2023 2024 2025 2026 Zur\u00fcck Weiter\" \/>\n<meta property=\"og:url\" content=\"http:\/\/zugvoegel2014.de\/?page_id=427\" \/>\n<meta property=\"article:publisher\" content=\"https:\/\/www.facebook.com\/KoenigsdorferKarnevalszug\/?__tn__=%2cd%2cP-R&amp;amp%3bamp%3bamp%3bamp%3bamp%3bamp%3bamp%3bamp%3bamp%3bamp%3bamp%3bamp%3beid=ARA6SSHkUMgYkse4ztm8lMBG1G70wK_8I7YBmKhqtHlswkYPXKzoz7mjvc05MjUUpbuoIgnIDpCCreZk\" \/>\n<meta property=\"article:modified_time\" content=\"2025-11-17T12:56:51+00:00\" \/>\n<meta property=\"og:image\" content=\"http:\/\/zugvoegel2014.de\/wp-content\/uploads\/elementor\/thumbs\/Ehrenorden-o4v2q8ib1cvu823s6t7gqe0yfmx2doxbt531k0uop4.jpg\" \/>\n<meta name=\"twitter:card\" content=\"summary_large_image\" \/>\n<meta name=\"twitter:label1\" content=\"Gesch\u00e4tzte Lesezeit\" \/>\n\t<meta name=\"twitter:data1\" content=\"4\u00a0Minuten\" \/>\n<script type=\"application\/ld+json\" class=\"yoast-schema-graph\">{\"@context\":\"https:\/\/schema.org\",\"@graph\":[{\"@type\":\"WebPage\",\"@id\":\"http:\/\/zugvoegel2014.de\/?page_id=427\",\"url\":\"http:\/\/zugvoegel2014.de\/?page_id=427\",\"name\":\"Unsere Orden -\",\"isPartOf\":{\"@id\":\"http:\/\/zugvoegel2014.de\/#website\"},\"datePublished\":\"2019-03-15T12:43:34+00:00\",\"dateModified\":\"2025-11-17T12:56:51+00:00\",\"breadcrumb\":{\"@id\":\"http:\/\/zugvoegel2014.de\/?page_id=427#breadcrumb\"},\"inLanguage\":\"de\",\"potentialAction\":[{\"@type\":\"ReadAction\",\"target\":[\"http:\/\/zugvoegel2014.de\/?page_id=427\"]}]},{\"@type\":\"BreadcrumbList\",\"@id\":\"http:\/\/zugvoegel2014.de\/?page_id=427#breadcrumb\",\"itemListElement\":[{\"@type\":\"ListItem\",\"position\":1,\"name\":\"Startseite\",\"item\":\"http:\/\/zugvoegel2014.de\/\"},{\"@type\":\"ListItem\",\"position\":2,\"name\":\"Unsere Orden\"}]},{\"@type\":\"WebSite\",\"@id\":\"http:\/\/zugvoegel2014.de\/#website\",\"url\":\"http:\/\/zugvoegel2014.de\/\",\"name\":\"\",\"description\":\"\",\"publisher\":{\"@id\":\"http:\/\/zugvoegel2014.de\/#organization\"},\"potentialAction\":[{\"@type\":\"SearchAction\",\"target\":{\"@type\":\"EntryPoint\",\"urlTemplate\":\"http:\/\/zugvoegel2014.de\/?s={search_term_string}\"},\"query-input\":\"required name=search_term_string\"}],\"inLanguage\":\"de\"},{\"@type\":\"Organization\",\"@id\":\"http:\/\/zugvoegel2014.de\/#organization\",\"name\":\"K\u00f6nigsdorfer Zugv\u00f6gel von 2014 e.V.\",\"url\":\"http:\/\/zugvoegel2014.de\/\",\"logo\":{\"@type\":\"ImageObject\",\"inLanguage\":\"de\",\"@id\":\"http:\/\/zugvoegel2014.de\/#\/schema\/logo\/image\/\",\"url\":\"http:\/\/zugvoegel2014.de\/wp-content\/uploads\/2019\/01\/Zugv\u00f6gel-mittel.jpg\",\"contentUrl\":\"http:\/\/zugvoegel2014.de\/wp-content\/uploads\/2019\/01\/Zugv\u00f6gel-mittel.jpg\",\"width\":480,\"height\":562,\"caption\":\"K\u00f6nigsdorfer Zugv\u00f6gel von 2014 e.V.\"},\"image\":{\"@id\":\"http:\/\/zugvoegel2014.de\/#\/schema\/logo\/image\/\"},\"sameAs\":[\"https:\/\/www.facebook.com\/KoenigsdorferKarnevalszug\/?__tn__=,d,P-R&amp;amp;amp;amp;amp;amp;amp;amp;amp;amp;amp;amp;eid=ARA6SSHkUMgYkse4ztm8lMBG1G70wK_8I7YBmKhqtHlswkYPXKzoz7mjvc05MjUUpbuoIgnIDpCCreZk\"]}]}<\/script>\n<!-- \/ Yoast SEO plugin. -->","yoast_head_json":{"title":"Unsere Orden -","robots":{"index":"index","follow":"follow","max-snippet":"max-snippet:-1","max-image-preview":"max-image-preview:large","max-video-preview":"max-video-preview:-1"},"canonical":"http:\/\/zugvoegel2014.de\/?page_id=427","og_locale":"de_DE","og_type":"article","og_title":"Unsere Orden -","og_description":"Ehrenorden Ehrenorden 2016 2017 2018 2019 2020 2021 2022 2023 2024 2025 2026 Zur\u00fcck Weiter","og_url":"http:\/\/zugvoegel2014.de\/?page_id=427","article_publisher":"https:\/\/www.facebook.com\/KoenigsdorferKarnevalszug\/?__tn__=%2cd%2cP-R&amp%3bamp%3bamp%3bamp%3bamp%3bamp%3bamp%3bamp%3bamp%3bamp%3bamp%3bamp%3beid=ARA6SSHkUMgYkse4ztm8lMBG1G70wK_8I7YBmKhqtHlswkYPXKzoz7mjvc05MjUUpbuoIgnIDpCCreZk","article_modified_time":"2025-11-17T12:56:51+00:00","og_image":[{"url":"http:\/\/zugvoegel2014.de\/wp-content\/uploads\/elementor\/thumbs\/Ehrenorden-o4v2q8ib1cvu823s6t7gqe0yfmx2doxbt531k0uop4.jpg"}],"twitter_card":"summary_large_image","twitter_misc":{"Gesch\u00e4tzte Lesezeit":"4\u00a0Minuten"},"schema":{"@context":"https:\/\/schema.org","@graph":[{"@type":"WebPage","@id":"http:\/\/zugvoegel2014.de\/?page_id=427","url":"http:\/\/zugvoegel2014.de\/?page_id=427","name":"Unsere Orden -","isPartOf":{"@id":"http:\/\/zugvoegel2014.de\/#website"},"datePublished":"2019-03-15T12:43:34+00:00","dateModified":"2025-11-17T12:56:51+00:00","breadcrumb":{"@id":"http:\/\/zugvoegel2014.de\/?page_id=427#breadcrumb"},"inLanguage":"de","potentialAction":[{"@type":"ReadAction","target":["http:\/\/zugvoegel2014.de\/?page_id=427"]}]},{"@type":"BreadcrumbList","@id":"http:\/\/zugvoegel2014.de\/?page_id=427#breadcrumb","itemListElement":[{"@type":"ListItem","position":1,"name":"Startseite","item":"http:\/\/zugvoegel2014.de\/"},{"@type":"ListItem","position":2,"name":"Unsere Orden"}]},{"@type":"WebSite","@id":"http:\/\/zugvoegel2014.de\/#website","url":"http:\/\/zugvoegel2014.de\/","name":"","description":"","publisher":{"@id":"http:\/\/zugvoegel2014.de\/#organization"},"potentialAction":[{"@type":"SearchAction","target":{"@type":"EntryPoint","urlTemplate":"http:\/\/zugvoegel2014.de\/?s={search_term_string}"},"query-input":"required name=search_term_string"}],"inLanguage":"de"},{"@type":"Organization","@id":"http:\/\/zugvoegel2014.de\/#organization","name":"K\u00f6nigsdorfer Zugv\u00f6gel von 2014 e.V.","url":"http:\/\/zugvoegel2014.de\/","logo":{"@type":"ImageObject","inLanguage":"de","@id":"http:\/\/zugvoegel2014.de\/#\/schema\/logo\/image\/","url":"http:\/\/zugvoegel2014.de\/wp-content\/uploads\/2019\/01\/Zugv\u00f6gel-mittel.jpg","contentUrl":"http:\/\/zugvoegel2014.de\/wp-content\/uploads\/2019\/01\/Zugv\u00f6gel-mittel.jpg","width":480,"height":562,"caption":"K\u00f6nigsdorfer Zugv\u00f6gel von 2014 e.V."},"image":{"@id":"http:\/\/zugvoegel2014.de\/#\/schema\/logo\/image\/"},"sameAs":["https:\/\/www.facebook.com\/KoenigsdorferKarnevalszug\/?__tn__=,d,P-R&amp;amp;amp;amp;amp;amp;amp;amp;amp;amp;amp;amp;eid=ARA6SSHkUMgYkse4ztm8lMBG1G70wK_8I7YBmKhqtHlswkYPXKzoz7mjvc05MjUUpbuoIgnIDpCCreZk"]}]}},"_links":{"self":[{"href":"http:\/\/zugvoegel2014.de\/index.php?rest_route=\/wp\/v2\/pages\/427","targetHints":{"allow":["GET"]}}],"collection":[{"href":"http:\/\/zugvoegel2014.de\/index.php?rest_route=\/wp\/v2\/pages"}],"about":[{"href":"http:\/\/zugvoegel2014.de\/index.php?rest_route=\/wp\/v2\/types\/page"}],"author":[{"embeddable":true,"href":"http:\/\/zugvoegel2014.de\/index.php?rest_route=\/wp\/v2\/users\/1"}],"replies":[{"embeddable":true,"href":"http:\/\/zugvoegel2014.de\/index.php?rest_route=%2Fwp%2Fv2%2Fcomments&post=427"}],"version-history":[{"count":25,"href":"http:\/\/zugvoegel2014.de\/index.php?rest_route=\/wp\/v2\/pages\/427\/revisions"}],"predecessor-version":[{"id":1165,"href":"http:\/\/zugvoegel2014.de\/index.php?rest_route=\/wp\/v2\/pages\/427\/revisions\/1165"}],"wp:attachment":[{"href":"http:\/\/zugvoegel2014.de\/index.php?rest_route=%2Fwp%2Fv2%2Fmedia&parent=427"}],"curies":[{"name":"wp","href":"https:\/\/api.w.org\/{rel}","templated":true}]}}