{"id":437,"date":"2019-03-15T14:29:13","date_gmt":"2019-03-15T14:29:13","guid":{"rendered":"http:\/\/zugvoegel2014.de\/?page_id=437"},"modified":"2023-05-30T09:45:13","modified_gmt":"2023-05-30T09:45:13","slug":"kontakt","status":"publish","type":"page","link":"http:\/\/zugvoegel2014.de\/?page_id=437","title":{"rendered":"Kontakt"},"content":{"rendered":"\t\t<div data-elementor-type=\"wp-post\" data-elementor-id=\"437\" class=\"elementor elementor-437\">\n\t\t\t\t\t\t<div class=\"elementor-inner\">\n\t\t\t\t<div class=\"elementor-section-wrap\">\n\t\t\t\t\t\t\t\t\t<section class=\"elementor-section elementor-top-section elementor-element elementor-element-124f1c3 elementor-section-boxed elementor-section-height-default elementor-section-height-default\" data-id=\"124f1c3\" data-element_type=\"section\">\n\t\t\t\t\t\t<div class=\"elementor-container elementor-column-gap-default\">\n\t\t\t\t\t\t\t<div class=\"elementor-row\">\n\t\t\t\t\t<div class=\"elementor-column elementor-col-100 elementor-top-column elementor-element elementor-element-9e44fbe\" data-id=\"9e44fbe\" data-element_type=\"column\">\n\t\t\t<div class=\"elementor-column-wrap elementor-element-populated\">\n\t\t\t\t\t\t\t<div class=\"elementor-widget-wrap\">\n\t\t\t\t\t\t<div class=\"elementor-element elementor-element-a8ac538 elementor-widget elementor-widget-heading\" data-id=\"a8ac538\" data-element_type=\"widget\" data-widget_type=\"heading.default\">\n\t\t\t\t<div class=\"elementor-widget-container\">\n\t\t\t<h2 class=\"elementor-heading-title elementor-size-default\">Kontaktanfrage<\/h2>\t\t<\/div>\n\t\t\t\t<\/div>\n\t\t\t\t\t\t<\/div>\n\t\t\t\t\t<\/div>\n\t\t<\/div>\n\t\t\t\t\t\t\t\t<\/div>\n\t\t\t\t\t<\/div>\n\t\t<\/section>\n\t\t\t\t<section class=\"elementor-section elementor-top-section elementor-element elementor-element-b22d227 elementor-section-boxed elementor-section-height-default elementor-section-height-default\" data-id=\"b22d227\" data-element_type=\"section\">\n\t\t\t\t\t\t<div class=\"elementor-container elementor-column-gap-default\">\n\t\t\t\t\t\t\t<div class=\"elementor-row\">\n\t\t\t\t\t<div class=\"elementor-column elementor-col-100 elementor-top-column elementor-element elementor-element-1f5dc29\" data-id=\"1f5dc29\" data-element_type=\"column\">\n\t\t\t<div class=\"elementor-column-wrap elementor-element-populated\">\n\t\t\t\t\t\t\t<div class=\"elementor-widget-wrap\">\n\t\t\t\t\t\t<div class=\"elementor-element elementor-element-323f2d3 elementor-widget elementor-widget-html\" data-id=\"323f2d3\" data-element_type=\"widget\" data-widget_type=\"html.default\">\n\t\t\t\t<div class=\"elementor-widget-container\">\n\t\t\t\n<div class=\"wpcf7 no-js\" id=\"wpcf7-f444-o1\" lang=\"de-DE\" dir=\"ltr\">\n<div class=\"screen-reader-response\"><p role=\"status\" aria-live=\"polite\" aria-atomic=\"true\"><\/p> <ul><\/ul><\/div>\n<form action=\"\/index.php?rest_route=%2Fwp%2Fv2%2Fpages%2F437#wpcf7-f444-o1\" method=\"post\" class=\"wpcf7-form init\" aria-label=\"Kontaktformular\" novalidate=\"novalidate\" data-status=\"init\">\n<div style=\"display: none;\">\n<input type=\"hidden\" name=\"_wpcf7\" value=\"444\" \/>\n<input type=\"hidden\" name=\"_wpcf7_version\" value=\"5.7.4\" \/>\n<input type=\"hidden\" name=\"_wpcf7_locale\" value=\"de_DE\" \/>\n<input type=\"hidden\" name=\"_wpcf7_unit_tag\" value=\"wpcf7-f444-o1\" \/>\n<input type=\"hidden\" name=\"_wpcf7_container_post\" value=\"0\" \/>\n<input type=\"hidden\" name=\"_wpcf7_posted_data_hash\" value=\"\" \/>\n<\/div>\n<p><label> Dein Name (Pflichtfeld)<br \/>\n<span class=\"wpcf7-form-control-wrap\" data-name=\"your-name\"><input size=\"40\" class=\"wpcf7-form-control wpcf7-text wpcf7-validates-as-required\" aria-required=\"true\" aria-invalid=\"false\" value=\"\" type=\"text\" name=\"your-name\" \/><\/span> <\/label>\n<\/p>\n<p><label> Deine E-Mail-Adresse (Pflichtfeld)<br \/>\n<span class=\"wpcf7-form-control-wrap\" data-name=\"your-email\"><input size=\"40\" class=\"wpcf7-form-control wpcf7-text wpcf7-email wpcf7-validates-as-required wpcf7-validates-as-email\" aria-required=\"true\" aria-invalid=\"false\" value=\"\" type=\"email\" name=\"your-email\" \/><\/span> <\/label>\n<\/p>\n<p><label> Betreff<br \/>\n<span class=\"wpcf7-form-control-wrap\" data-name=\"your-subject\"><input size=\"40\" class=\"wpcf7-form-control wpcf7-text\" aria-invalid=\"false\" value=\"\" type=\"text\" name=\"your-subject\" \/><\/span> <\/label>\n<\/p>\n<p><label> Deine Nachricht<br \/>\n<span class=\"wpcf7-form-control-wrap\" data-name=\"your-message\"><textarea cols=\"40\" rows=\"10\" class=\"wpcf7-form-control wpcf7-textarea\" aria-invalid=\"false\" name=\"your-message\"><\/textarea><\/span> <\/label>\n<\/p>\n<p><input class=\"wpcf7-form-control has-spinner wpcf7-submit\" type=\"submit\" value=\"Senden\" \/>\n<\/p><div class=\"wpcf7-response-output\" aria-hidden=\"true\"><\/div>\n<\/form>\n<\/div>\n\t\t<\/div>\n\t\t\t\t<\/div>\n\t\t\t\t\t\t<\/div>\n\t\t\t\t\t<\/div>\n\t\t<\/div>\n\t\t\t\t\t\t\t\t<\/div>\n\t\t\t\t\t<\/div>\n\t\t<\/section>\n\t\t\t\t<section class=\"elementor-section elementor-top-section elementor-element elementor-element-c458283 elementor-section-boxed elementor-section-height-default elementor-section-height-default\" data-id=\"c458283\" data-element_type=\"section\">\n\t\t\t\t\t\t<div class=\"elementor-container elementor-column-gap-default\">\n\t\t\t\t\t\t\t<div class=\"elementor-row\">\n\t\t\t\t\t<div class=\"elementor-column elementor-col-100 elementor-top-column elementor-element elementor-element-a16c803\" data-id=\"a16c803\" data-element_type=\"column\">\n\t\t\t<div class=\"elementor-column-wrap elementor-element-populated\">\n\t\t\t\t\t\t\t<div class=\"elementor-widget-wrap\">\n\t\t\t\t\t\t<div class=\"elementor-element elementor-element-02e0953 elementor-widget elementor-widget-text-editor\" data-id=\"02e0953\" data-element_type=\"widget\" data-widget_type=\"text-editor.default\">\n\t\t\t\t<div class=\"elementor-widget-container\">\n\t\t\t\t\t\t\t\t<div class=\"elementor-text-editor elementor-clearfix\">\n\t\t\t\t<p><strong><span style=\"color: #ff0000;\">K\u00f6nigsdorfer Zugv\u00f6gel von 2014 e.V.<\/span><\/strong><br \/><span style=\"color: #ff0000;\">c\/o Peter Breuer<\/span><br \/><span style=\"color: #ff0000;\">Moosweg 2<\/span><br \/><span style=\"color: #ff0000;\">50226 Frechen K\u00f6nigsdorf<\/span><br \/><span style=\"color: #ff0000;\">Telefon: 02234 2029897<\/span><br \/><span style=\"color: #ff0000;\">Email:<a style=\"color: #ff0000;\" href=\"mailto:info@zugvoegel.de\" target=\"_blank\" rel=\"noopener\"> info@zugvoegel2014.de<\/a><\/span><\/p>\t\t\t\t\t<\/div>\n\t\t\t\t\t\t<\/div>\n\t\t\t\t<\/div>\n\t\t\t\t\t\t<\/div>\n\t\t\t\t\t<\/div>\n\t\t<\/div>\n\t\t\t\t\t\t\t\t<\/div>\n\t\t\t\t\t<\/div>\n\t\t<\/section>\n\t\t\t\t<section class=\"elementor-section elementor-top-section elementor-element elementor-element-a2f30a0 elementor-section-boxed elementor-section-height-default elementor-section-height-default\" data-id=\"a2f30a0\" data-element_type=\"section\">\n\t\t\t\t\t\t<div class=\"elementor-container elementor-column-gap-default\">\n\t\t\t\t\t\t\t<div class=\"elementor-row\">\n\t\t\t\t\t<div class=\"elementor-column elementor-col-100 elementor-top-column elementor-element elementor-element-74499f1\" data-id=\"74499f1\" data-element_type=\"column\">\n\t\t\t<div class=\"elementor-column-wrap elementor-element-populated\">\n\t\t\t\t\t\t\t<div class=\"elementor-widget-wrap\">\n\t\t\t\t\t\t<div class=\"elementor-element elementor-element-c9f3520 e-grid-align-left elementor-shape-rounded elementor-grid-0 elementor-widget elementor-widget-social-icons\" data-id=\"c9f3520\" data-element_type=\"widget\" data-widget_type=\"social-icons.default\">\n\t\t\t\t<div class=\"elementor-widget-container\">\n\t\t\t\t\t<div class=\"elementor-social-icons-wrapper elementor-grid\">\n\t\t\t\t\t\t\t<span class=\"elementor-grid-item\">\n\t\t\t\t\t<a class=\"elementor-icon elementor-social-icon elementor-social-icon-facebook-f elementor-repeater-item-3127b0a\" href=\"https:\/\/www.facebook.com\/KoenigsdorferKarnevalszug\/\" target=\"_blank\">\n\t\t\t\t\t\t<span class=\"elementor-screen-only\">Facebook-f<\/span>\n\t\t\t\t\t\t<i class=\"fab fa-facebook-f\"><\/i>\t\t\t\t\t<\/a>\n\t\t\t\t<\/span>\n\t\t\t\t\t\t\t<span class=\"elementor-grid-item\">\n\t\t\t\t\t<a class=\"elementor-icon elementor-social-icon elementor-social-icon-instagram elementor-repeater-item-5848596\" href=\"https:\/\/www.instagram.com\/koenigsdorfer_karnevalszug\/?hl=de\" target=\"_blank\">\n\t\t\t\t\t\t<span class=\"elementor-screen-only\">Instagram<\/span>\n\t\t\t\t\t\t<i class=\"fab fa-instagram\"><\/i>\t\t\t\t\t<\/a>\n\t\t\t\t<\/span>\n\t\t\t\t\t<\/div>\n\t\t\t\t<\/div>\n\t\t\t\t<\/div>\n\t\t\t\t<div class=\"elementor-element elementor-element-d5268f3 elementor-widget elementor-widget-google_maps\" data-id=\"d5268f3\" data-element_type=\"widget\" data-widget_type=\"google_maps.default\">\n\t\t\t\t<div class=\"elementor-widget-container\">\n\t\t\t\t\t<div class=\"elementor-custom-embed\">\n\t\t\t<iframe loading=\"lazy\"\n\t\t\t\t\tsrc=\"https:\/\/maps.google.com\/maps?q=Moosweg%202%2C%20Frechen%20K%C3%B6nigsdorf&#038;t=m&#038;z=10&#038;output=embed&#038;iwloc=near\"\n\t\t\t\t\ttitle=\"Moosweg 2, Frechen K\u00f6nigsdorf\"\n\t\t\t\t\taria-label=\"Moosweg 2, Frechen K\u00f6nigsdorf\"\n\t\t\t><\/iframe>\n\t\t<\/div>\n\t\t\t\t<\/div>\n\t\t\t\t<\/div>\n\t\t\t\t\t\t<\/div>\n\t\t\t\t\t<\/div>\n\t\t<\/div>\n\t\t\t\t\t\t\t\t<\/div>\n\t\t\t\t\t<\/div>\n\t\t<\/section>\n\t\t\t\t\t\t\t\t\t<\/div>\n\t\t\t<\/div>\n\t\t\t\t\t<\/div>\n\t\t","protected":false},"excerpt":{"rendered":"<p>Kontaktanfrage K\u00f6nigsdorfer Zugv\u00f6gel von 2014 e.V.c\/o Peter BreuerMoosweg 250226 Frechen K\u00f6nigsdorfTelefon: 02234 2029897Email: info@zugvoegel2014.de Facebook-f Instagram<\/p>\n","protected":false},"author":1,"featured_media":0,"parent":0,"menu_order":0,"comment_status":"closed","ping_status":"closed","template":"","meta":{"_monsterinsights_skip_tracking":false,"_monsterinsights_sitenote_active":false,"_monsterinsights_sitenote_note":"","_monsterinsights_sitenote_category":0,"footnotes":""},"class_list":["post-437","page","type-page","status-publish","hentry","entry"],"yoast_head":"<!-- This site is optimized with the Yoast SEO plugin v20.2 - https:\/\/yoast.com\/wordpress\/plugins\/seo\/ -->\n<title>Kontakt -<\/title>\n<meta name=\"robots\" content=\"index, follow, max-snippet:-1, max-image-preview:large, max-video-preview:-1\" \/>\n<link rel=\"canonical\" href=\"http:\/\/zugvoegel2014.de\/?page_id=437\" \/>\n<meta property=\"og:locale\" content=\"de_DE\" \/>\n<meta property=\"og:type\" content=\"article\" \/>\n<meta property=\"og:title\" content=\"Kontakt -\" \/>\n<meta property=\"og:description\" content=\"Kontaktanfrage K\u00f6nigsdorfer Zugv\u00f6gel von 2014 e.V.c\/o Peter BreuerMoosweg 250226 Frechen K\u00f6nigsdorfTelefon: 02234 2029897Email: info@zugvoegel2014.de Facebook-f Instagram\" \/>\n<meta property=\"og:url\" content=\"http:\/\/zugvoegel2014.de\/?page_id=437\" \/>\n<meta property=\"article:publisher\" content=\"https:\/\/www.facebook.com\/KoenigsdorferKarnevalszug\/?__tn__=%2cd%2cP-R&amp;amp%3bamp%3bamp%3bamp%3bamp%3bamp%3bamp%3bamp%3bamp%3bamp%3bamp%3bamp%3beid=ARA6SSHkUMgYkse4ztm8lMBG1G70wK_8I7YBmKhqtHlswkYPXKzoz7mjvc05MjUUpbuoIgnIDpCCreZk\" \/>\n<meta property=\"article:modified_time\" content=\"2023-05-30T09:45:13+00:00\" \/>\n<meta name=\"twitter:card\" content=\"summary_large_image\" \/>\n<meta name=\"twitter:label1\" content=\"Gesch\u00e4tzte Lesezeit\" \/>\n\t<meta name=\"twitter:data1\" content=\"1\u00a0Minute\" \/>\n<script type=\"application\/ld+json\" class=\"yoast-schema-graph\">{\"@context\":\"https:\/\/schema.org\",\"@graph\":[{\"@type\":\"WebPage\",\"@id\":\"http:\/\/zugvoegel2014.de\/?page_id=437\",\"url\":\"http:\/\/zugvoegel2014.de\/?page_id=437\",\"name\":\"Kontakt -\",\"isPartOf\":{\"@id\":\"http:\/\/zugvoegel2014.de\/#website\"},\"datePublished\":\"2019-03-15T14:29:13+00:00\",\"dateModified\":\"2023-05-30T09:45:13+00:00\",\"breadcrumb\":{\"@id\":\"http:\/\/zugvoegel2014.de\/?page_id=437#breadcrumb\"},\"inLanguage\":\"de\",\"potentialAction\":[{\"@type\":\"ReadAction\",\"target\":[\"http:\/\/zugvoegel2014.de\/?page_id=437\"]}]},{\"@type\":\"BreadcrumbList\",\"@id\":\"http:\/\/zugvoegel2014.de\/?page_id=437#breadcrumb\",\"itemListElement\":[{\"@type\":\"ListItem\",\"position\":1,\"name\":\"Startseite\",\"item\":\"http:\/\/zugvoegel2014.de\/\"},{\"@type\":\"ListItem\",\"position\":2,\"name\":\"Kontakt\"}]},{\"@type\":\"WebSite\",\"@id\":\"http:\/\/zugvoegel2014.de\/#website\",\"url\":\"http:\/\/zugvoegel2014.de\/\",\"name\":\"\",\"description\":\"\",\"publisher\":{\"@id\":\"http:\/\/zugvoegel2014.de\/#organization\"},\"potentialAction\":[{\"@type\":\"SearchAction\",\"target\":{\"@type\":\"EntryPoint\",\"urlTemplate\":\"http:\/\/zugvoegel2014.de\/?s={search_term_string}\"},\"query-input\":\"required name=search_term_string\"}],\"inLanguage\":\"de\"},{\"@type\":\"Organization\",\"@id\":\"http:\/\/zugvoegel2014.de\/#organization\",\"name\":\"K\u00f6nigsdorfer Zugv\u00f6gel von 2014 e.V.\",\"url\":\"http:\/\/zugvoegel2014.de\/\",\"logo\":{\"@type\":\"ImageObject\",\"inLanguage\":\"de\",\"@id\":\"http:\/\/zugvoegel2014.de\/#\/schema\/logo\/image\/\",\"url\":\"http:\/\/zugvoegel2014.de\/wp-content\/uploads\/2019\/01\/Zugv\u00f6gel-mittel.jpg\",\"contentUrl\":\"http:\/\/zugvoegel2014.de\/wp-content\/uploads\/2019\/01\/Zugv\u00f6gel-mittel.jpg\",\"width\":480,\"height\":562,\"caption\":\"K\u00f6nigsdorfer Zugv\u00f6gel von 2014 e.V.\"},\"image\":{\"@id\":\"http:\/\/zugvoegel2014.de\/#\/schema\/logo\/image\/\"},\"sameAs\":[\"https:\/\/www.facebook.com\/KoenigsdorferKarnevalszug\/?__tn__=,d,P-R&amp;amp;amp;amp;amp;amp;amp;amp;amp;amp;amp;amp;eid=ARA6SSHkUMgYkse4ztm8lMBG1G70wK_8I7YBmKhqtHlswkYPXKzoz7mjvc05MjUUpbuoIgnIDpCCreZk\"]}]}<\/script>\n<!-- \/ Yoast SEO plugin. -->","yoast_head_json":{"title":"Kontakt -","robots":{"index":"index","follow":"follow","max-snippet":"max-snippet:-1","max-image-preview":"max-image-preview:large","max-video-preview":"max-video-preview:-1"},"canonical":"http:\/\/zugvoegel2014.de\/?page_id=437","og_locale":"de_DE","og_type":"article","og_title":"Kontakt -","og_description":"Kontaktanfrage K\u00f6nigsdorfer Zugv\u00f6gel von 2014 e.V.c\/o Peter BreuerMoosweg 250226 Frechen K\u00f6nigsdorfTelefon: 02234 2029897Email: info@zugvoegel2014.de Facebook-f Instagram","og_url":"http:\/\/zugvoegel2014.de\/?page_id=437","article_publisher":"https:\/\/www.facebook.com\/KoenigsdorferKarnevalszug\/?__tn__=%2cd%2cP-R&amp%3bamp%3bamp%3bamp%3bamp%3bamp%3bamp%3bamp%3bamp%3bamp%3bamp%3bamp%3beid=ARA6SSHkUMgYkse4ztm8lMBG1G70wK_8I7YBmKhqtHlswkYPXKzoz7mjvc05MjUUpbuoIgnIDpCCreZk","article_modified_time":"2023-05-30T09:45:13+00:00","twitter_card":"summary_large_image","twitter_misc":{"Gesch\u00e4tzte Lesezeit":"1\u00a0Minute"},"schema":{"@context":"https:\/\/schema.org","@graph":[{"@type":"WebPage","@id":"http:\/\/zugvoegel2014.de\/?page_id=437","url":"http:\/\/zugvoegel2014.de\/?page_id=437","name":"Kontakt -","isPartOf":{"@id":"http:\/\/zugvoegel2014.de\/#website"},"datePublished":"2019-03-15T14:29:13+00:00","dateModified":"2023-05-30T09:45:13+00:00","breadcrumb":{"@id":"http:\/\/zugvoegel2014.de\/?page_id=437#breadcrumb"},"inLanguage":"de","potentialAction":[{"@type":"ReadAction","target":["http:\/\/zugvoegel2014.de\/?page_id=437"]}]},{"@type":"BreadcrumbList","@id":"http:\/\/zugvoegel2014.de\/?page_id=437#breadcrumb","itemListElement":[{"@type":"ListItem","position":1,"name":"Startseite","item":"http:\/\/zugvoegel2014.de\/"},{"@type":"ListItem","position":2,"name":"Kontakt"}]},{"@type":"WebSite","@id":"http:\/\/zugvoegel2014.de\/#website","url":"http:\/\/zugvoegel2014.de\/","name":"","description":"","publisher":{"@id":"http:\/\/zugvoegel2014.de\/#organization"},"potentialAction":[{"@type":"SearchAction","target":{"@type":"EntryPoint","urlTemplate":"http:\/\/zugvoegel2014.de\/?s={search_term_string}"},"query-input":"required name=search_term_string"}],"inLanguage":"de"},{"@type":"Organization","@id":"http:\/\/zugvoegel2014.de\/#organization","name":"K\u00f6nigsdorfer Zugv\u00f6gel von 2014 e.V.","url":"http:\/\/zugvoegel2014.de\/","logo":{"@type":"ImageObject","inLanguage":"de","@id":"http:\/\/zugvoegel2014.de\/#\/schema\/logo\/image\/","url":"http:\/\/zugvoegel2014.de\/wp-content\/uploads\/2019\/01\/Zugv\u00f6gel-mittel.jpg","contentUrl":"http:\/\/zugvoegel2014.de\/wp-content\/uploads\/2019\/01\/Zugv\u00f6gel-mittel.jpg","width":480,"height":562,"caption":"K\u00f6nigsdorfer Zugv\u00f6gel von 2014 e.V."},"image":{"@id":"http:\/\/zugvoegel2014.de\/#\/schema\/logo\/image\/"},"sameAs":["https:\/\/www.facebook.com\/KoenigsdorferKarnevalszug\/?__tn__=,d,P-R&amp;amp;amp;amp;amp;amp;amp;amp;amp;amp;amp;amp;eid=ARA6SSHkUMgYkse4ztm8lMBG1G70wK_8I7YBmKhqtHlswkYPXKzoz7mjvc05MjUUpbuoIgnIDpCCreZk"]}]}},"_links":{"self":[{"href":"http:\/\/zugvoegel2014.de\/index.php?rest_route=\/wp\/v2\/pages\/437","targetHints":{"allow":["GET"]}}],"collection":[{"href":"http:\/\/zugvoegel2014.de\/index.php?rest_route=\/wp\/v2\/pages"}],"about":[{"href":"http:\/\/zugvoegel2014.de\/index.php?rest_route=\/wp\/v2\/types\/page"}],"author":[{"embeddable":true,"href":"http:\/\/zugvoegel2014.de\/index.php?rest_route=\/wp\/v2\/users\/1"}],"replies":[{"embeddable":true,"href":"http:\/\/zugvoegel2014.de\/index.php?rest_route=%2Fwp%2Fv2%2Fcomments&post=437"}],"version-history":[{"count":18,"href":"http:\/\/zugvoegel2014.de\/index.php?rest_route=\/wp\/v2\/pages\/437\/revisions"}],"predecessor-version":[{"id":930,"href":"http:\/\/zugvoegel2014.de\/index.php?rest_route=\/wp\/v2\/pages\/437\/revisions\/930"}],"wp:attachment":[{"href":"http:\/\/zugvoegel2014.de\/index.php?rest_route=%2Fwp%2Fv2%2Fmedia&parent=437"}],"curies":[{"name":"wp","href":"https:\/\/api.w.org\/{rel}","templated":true}]}}